{"id":3,"date":"2024-07-16T20:07:15","date_gmt":"2024-07-16T20:07:15","guid":{"rendered":"https:\/\/dicethelion.com\/?page_id=3"},"modified":"2024-07-19T07:38:43","modified_gmt":"2024-07-19T07:38:43","slug":"privacy-policy","status":"publish","type":"page","link":"https:\/\/dicethelion.com\/en\/privacy-policy\/","title":{"rendered":"Privacy Policy"},"content":{"rendered":"<div class=\"fusion-fullwidth fullwidth-box fusion-builder-row-1 fusion-flex-container nonhundred-percent-fullwidth non-hundred-percent-height-scrolling\" style=\"--awb-border-radius-top-left:0px;--awb-border-radius-top-right:0px;--awb-border-radius-bottom-right:0px;--awb-border-radius-bottom-left:0px;--awb-padding-top:2em;--awb-padding-right:2em;--awb-padding-bottom:2em;--awb-padding-left:2em;--awb-background-color:var(--awb-color8);--awb-flex-wrap:wrap;\" ><div class=\"fusion-builder-row fusion-row fusion-flex-align-items-flex-start fusion-flex-content-wrap\" style=\"max-width:1144px;margin-left: calc(-4% \/ 2 );margin-right: calc(-4% \/ 2 );\"><div class=\"fusion-layout-column fusion_builder_column fusion-builder-column-0 fusion_builder_column_1_1 1_1 fusion-flex-column\" style=\"--awb-bg-size:cover;--awb-width-large:100%;--awb-margin-top-large:0px;--awb-spacing-right-large:1.92%;--awb-margin-bottom-large:0px;--awb-spacing-left-large:1.92%;--awb-width-medium:100%;--awb-spacing-right-medium:1.92%;--awb-spacing-left-medium:1.92%;--awb-width-small:100%;--awb-spacing-right-small:1.92%;--awb-spacing-left-small:1.92%;\"><div class=\"fusion-column-wrapper fusion-flex-justify-content-flex-start fusion-content-layout-column\"><div class=\"fusion-title title fusion-title-1 fusion-title-text fusion-title-size-one\" style=\"--awb-text-color:var(--awb-color2);\"><div class=\"title-sep-container title-sep-container-left fusion-no-large-visibility fusion-no-medium-visibility fusion-no-small-visibility\"><div class=\"title-sep sep- sep-solid\" style=\"border-color:var(--awb-color3);\"><\/div><\/div><span class=\"awb-title-spacer fusion-no-large-visibility fusion-no-medium-visibility fusion-no-small-visibility\"><\/span><h1 class=\"fusion-title-heading title-heading-left\" style=\"font-family:&quot;Alegreya SC&quot;;font-style:normal;font-weight:400;margin:0;\">Privacy Policy<\/h1><span class=\"awb-title-spacer\"><\/span><div class=\"title-sep-container title-sep-container-right\"><div class=\"title-sep sep- sep-solid\" style=\"border-color:var(--awb-color3);\"><\/div><\/div><\/div><div class=\"fusion-text fusion-text-1\" style=\"--awb-content-alignment:justify;--awb-font-size:1.1em;--awb-text-color:var(--awb-color2);--awb-text-font-family:&quot;Alegreya SC&quot;;--awb-text-font-style:normal;--awb-text-font-weight:400;\"><p>Thank you for visiting our website. If you use this site, subscribe to our emails, or are one of our clients, you entrust us with your personal data. We are committed to protecting and securing this information.\n\nWe take the protection of your personal data seriously and want you to feel safe and comfortable when visiting our website. Safeguarding your privacy during the processing of personal data is an important matter for us, one we carefully consider in our business processes.<\/p>\n<p>Personal data collected during your visit to this website is processed in accordance with data protection laws.\n\nPlease also familiarize yourself with the principles and rights you have under the newly enacted General Data Protection Regulation (GDPR).<\/p><\/p>\n<\/div><div class=\"fusion-title title fusion-title-2 fusion-title-text fusion-title-size-three\" style=\"--awb-text-color:var(--awb-color2);--awb-font-size:1.8em;\"><div class=\"title-sep-container title-sep-container-left fusion-no-large-visibility fusion-no-medium-visibility fusion-no-small-visibility\"><div class=\"title-sep sep- sep-solid\" style=\"border-color:var(--awb-color3);\"><\/div><\/div><span class=\"awb-title-spacer fusion-no-large-visibility fusion-no-medium-visibility fusion-no-small-visibility\"><\/span><h3 class=\"fusion-title-heading title-heading-left\" style=\"font-family:&quot;Alegreya SC&quot;;font-style:normal;font-weight:400;margin:0;font-size:1em;\">Who is the data controller?<\/h3><span class=\"awb-title-spacer\"><\/span><div class=\"title-sep-container title-sep-container-right\"><div class=\"title-sep sep- sep-solid\" style=\"border-color:var(--awb-color3);\"><\/div><\/div><\/div><div class=\"fusion-text fusion-text-2\" style=\"--awb-content-alignment:justify;--awb-font-size:1.1em;--awb-text-color:var(--awb-color2);--awb-text-font-family:&quot;Alegreya SC&quot;;--awb-text-font-style:normal;--awb-text-font-weight:400;\"><p>Dice the Lion s.r.o., a legal entity operating under the Trade Licensing Act,\nCompany ID (I\u010cO): 21766860, headquartered at Pytlov 19, \u010cerno\u0161\u00edn, 34901, operates the website www.dicethelion.com.<\/p>\n<p>We process your personal data as the controller.\nThis means we determine how your data will be processed, for what purpose, and for how long. We also select any additional processors who may assist us with the processing.<\/p>\n<\/div><div class=\"fusion-title title fusion-title-3 fusion-title-text fusion-title-size-three\" style=\"--awb-text-color:var(--awb-color2);--awb-font-size:1.8em;\"><div class=\"title-sep-container title-sep-container-left fusion-no-large-visibility fusion-no-medium-visibility fusion-no-small-visibility\"><div class=\"title-sep sep- sep-solid\" style=\"border-color:var(--awb-color3);\"><\/div><\/div><span class=\"awb-title-spacer fusion-no-large-visibility fusion-no-medium-visibility fusion-no-small-visibility\"><\/span><h3 class=\"fusion-title-heading title-heading-left\" style=\"font-family:&quot;Alegreya SC&quot;;font-style:normal;font-weight:400;margin:0;font-size:1em;\">Right to information<\/h3><span class=\"awb-title-spacer\"><\/span><div class=\"title-sep-container title-sep-container-right\"><div class=\"title-sep sep- sep-solid\" style=\"border-color:var(--awb-color3);\"><\/div><\/div><\/div><div class=\"fusion-text fusion-text-3\" style=\"--awb-content-alignment:justify;--awb-font-size:1.1em;--awb-text-color:var(--awb-color2);--awb-text-font-family:&quot;Alegreya SC&quot;;--awb-text-font-style:normal;--awb-text-font-weight:400;\"><p>If you wish to contact us during the processing of your data, you can reach us at:\ndice.the.lion@gmail.com\n\nWe are available not only for information requests but also for suggestions or complaints.<\/p>\n<p>Na po\u017e\u00e1d\u00e1n\u00ed ti podle mo\u017enosti obratem ozn\u00e1m\u00edme, jak\u00e9 osobn\u00ed \u00fadaje m\u00e1me o&nbsp;tob\u011b zaznamenan\u00e9. Pokud by navzdory na\u0161im snah\u00e1m o&nbsp;spr\u00e1vnost \u00fadaj\u016f a&nbsp;aktu\u00e1lnost byly zaznamen\u00e1ny nespr\u00e1vn\u00e9 informace, na&nbsp;po\u017e\u00e1d\u00e1n\u00ed je oprav\u00edme.<\/p>\n<\/div><div class=\"fusion-title title fusion-title-4 fusion-title-text fusion-title-size-three\" style=\"--awb-text-color:var(--awb-color2);--awb-font-size:1.8em;\"><div class=\"title-sep-container title-sep-container-left fusion-no-large-visibility fusion-no-medium-visibility fusion-no-small-visibility\"><div class=\"title-sep sep- sep-solid\" style=\"border-color:var(--awb-color3);\"><\/div><\/div><span class=\"awb-title-spacer fusion-no-large-visibility fusion-no-medium-visibility fusion-no-small-visibility\"><\/span><h3 class=\"fusion-title-heading title-heading-left\" style=\"font-family:&quot;Alegreya SC&quot;;font-style:normal;font-weight:400;margin:0;font-size:1em;\">Declaration<\/h3><span class=\"awb-title-spacer\"><\/span><div class=\"title-sep-container title-sep-container-right\"><div class=\"title-sep sep- sep-solid\" style=\"border-color:var(--awb-color3);\"><\/div><\/div><\/div><div class=\"fusion-text fusion-text-4\" style=\"--awb-content-alignment:justify;--awb-font-size:1.1em;--awb-text-color:var(--awb-color2);--awb-text-font-family:&quot;Alegreya SC&quot;;--awb-text-font-style:normal;--awb-text-font-weight:400;\"><p>We declare that, as the controller of your personal data, we comply with all legal obligations required by applicable legislation, especially the Data Protection Act and GDPR.<\/p>\n<p>This means that:<\/p>\n<ul>\n<li>we process your personal data only on a valid legal basis \u2013 primarily based on legitimate interest, contract fulfillment, legal obligation, or your given consent.<\/li>\n<li>we fulfill the information obligation under Article 13 of the GDPR before starting the processing of personal data.<\/li>\n<li>we enable and support you in exercising and fulfilling your rights under the Data Protection Act and GDPR.<br \/>Scope of Personal Data and Purposes of Processing<\/li>\n<\/ul>\n<p>Personal data is recorded only when you voluntarily provide it, and for the following reasons (or to fulfill the following purposes):<\/p>\n<ul>\n<li><b>Providing services and fulfilling contracts<\/b><\/li>\n<\/ul>\n<p>We need your personal data to provide certain services and fulfill contracts (e.g., delivering digital content or physical goods, etc.).<\/p>\n<p>The data you provide in orders is essential for identifying you as the buyer.\nWe use it to complete the transaction, including necessary accounting operations, issuing tax documents, identifying cashless payments, and communication.<\/p>\n<p>For this purpose, the following data is required: email, name, address, and phone number.<\/p>\n<ul>\n<li><strong>Accounting Management<\/strong><\/li>\n<\/ul>\n<p>If you are our customer, we necessarily require your personal\/billing information (beyond the obvious)\nto comply with legal obligations for issuing and recording tax documents.<\/p>\n<ul>\n<li><strong>Marketing \u2013 Sending Newsletters<\/strong><\/li>\n<\/ul>\n<p>We use your personal data (email, name, gender, what you click on in emails, and when you usually open them)\nfor direct marketing purposes \u2013 specifically, to send commercial communications.<\/p>\n<p>If you are our customer, we do this based on legitimate interest, as we reasonably assume you are interested in our updates,\nand we do so for no longer than 5 years after your last order.<\/p>\n<p>If you are not our customer, we send you newsletters only with your consent,\nfor no longer than 10 years from the date of granting it.<\/p>\n<p>In both cases, you can withdraw your consent by using the unsubscribe link in every email we send.<\/p>\n<ul>\n<li><strong>Advanced Marketing Based on Consent<\/strong><\/li>\n<\/ul>\n<p>Only with your consent can we send you inspiring offers from third parties or use your email address, for example, for remarketing and targeted advertising on Facebook,\nfor no longer than 10 years from when you gave your consent. Of course, you can withdraw this consent at any time using our contact information.<\/p>\n<p>We use your personal data for the aforementioned purposes (technical website management, customer administration, product surveys, and marketing)\nonly to the extent necessary for these purposes.<\/p>\n<\/div><div class=\"fusion-title title fusion-title-5 fusion-title-text fusion-title-size-three\" style=\"--awb-text-color:var(--awb-color2);--awb-font-size:1.8em;\"><div class=\"title-sep-container title-sep-container-left fusion-no-large-visibility fusion-no-medium-visibility fusion-no-small-visibility\"><div class=\"title-sep sep- sep-solid\" style=\"border-color:var(--awb-color3);\"><\/div><\/div><span class=\"awb-title-spacer fusion-no-large-visibility fusion-no-medium-visibility fusion-no-small-visibility\"><\/span><h3 class=\"fusion-title-heading title-heading-left\" style=\"font-family:&quot;Alegreya SC&quot;;font-style:normal;font-weight:400;margin:0;font-size:1em;\">Security and Privacy Protection<\/h3><span class=\"awb-title-spacer\"><\/span><div class=\"title-sep-container title-sep-container-right\"><div class=\"title-sep sep- sep-solid\" style=\"border-color:var(--awb-color3);\"><\/div><\/div><\/div><div class=\"fusion-text fusion-text-5\" style=\"--awb-content-alignment:justify;--awb-font-size:1.1em;--awb-text-color:var(--awb-color2);--awb-text-font-family:&quot;Alegreya SC&quot;;--awb-text-font-style:normal;--awb-text-font-weight:400;\"><p>We protect your personal data as if it were our own, to the highest possible extent.\nWe implement and maintain all feasible (currently known) technical, organizational, and security measures to safeguard the data we hold against manipulation, loss, destruction, or unauthorized access.<\/p>\n<p>The transfer of personal data to state institutions and authorities occurs only within the framework of mandatory legal regulations.\nOur collaborators, agencies, and merchants are bound by confidentiality.<\/p>\n<\/div><div class=\"fusion-title title fusion-title-6 fusion-title-text fusion-title-size-three\" style=\"--awb-text-color:var(--awb-color2);--awb-font-size:1.8em;\"><div class=\"title-sep-container title-sep-container-left fusion-no-large-visibility fusion-no-medium-visibility fusion-no-small-visibility\"><div class=\"title-sep sep- sep-solid\" style=\"border-color:var(--awb-color3);\"><\/div><\/div><span class=\"awb-title-spacer fusion-no-large-visibility fusion-no-medium-visibility fusion-no-small-visibility\"><\/span><h3 class=\"fusion-title-heading title-heading-left\" style=\"font-family:&quot;Alegreya SC&quot;;font-style:normal;font-weight:400;margin:0;font-size:1em;\">Cookies<\/h3><span class=\"awb-title-spacer\"><\/span><div class=\"title-sep-container title-sep-container-right\"><div class=\"title-sep sep- sep-solid\" style=\"border-color:var(--awb-color3);\"><\/div><\/div><\/div><div class=\"fusion-text fusion-text-6\" style=\"--awb-content-alignment:justify;--awb-font-size:1.1em;--awb-text-color:var(--awb-color2);--awb-text-font-family:&quot;Alegreya SC&quot;;--awb-text-font-style:normal;--awb-text-font-weight:400;\"><p>To track visitor preferences and optimize our website accordingly, we use cookies.\n\nWhen you visit our site at www.dicethelion.com, our web servers automatically log your IP address assigned by your internet service provider, the website you came from, the pages you visit on our site, as well as the date and duration of your visit.\n\nCookies are small \u201cfiles\u201d containing this information that are stored on your computer\u2019s hard drive. This simplifies navigation and ensures a high level of user comfort during your visits to our website.<\/p>\n<p>We consider the use of cookies for measuring website traffic and tailoring webpage displays to be our legitimate interest as a data controller,\nas we believe this allows us to provide you with even better services. However, cookies for targeted advertising will only be processed based on your consent.<\/p>\n<p>Our website can also be browsed in a mode that prevents the collection of personal data.\nYou can easily disable cookies in your browser settings.<\/p>\n<p>We retain your personal data for the duration of the statutory limitation periods, unless the law requires a longer retention period or we have specified otherwise in particular cases.<\/p>\n<\/div><div class=\"fusion-title title fusion-title-7 fusion-title-text fusion-title-size-three\" style=\"--awb-text-color:var(--awb-color2);--awb-font-size:1.8em;\"><div class=\"title-sep-container title-sep-container-left fusion-no-large-visibility fusion-no-medium-visibility fusion-no-small-visibility\"><div class=\"title-sep sep- sep-solid\" style=\"border-color:var(--awb-color3);\"><\/div><\/div><span class=\"awb-title-spacer fusion-no-large-visibility fusion-no-medium-visibility fusion-no-small-visibility\"><\/span><h3 class=\"fusion-title-heading title-heading-left\" style=\"font-family:&quot;Alegreya SC&quot;;font-style:normal;font-weight:400;margin:0;font-size:1em;\">Opt-Out Option<\/h3><span class=\"awb-title-spacer\"><\/span><div class=\"title-sep-container title-sep-container-right\"><div class=\"title-sep sep- sep-solid\" style=\"border-color:var(--awb-color3);\"><\/div><\/div><\/div><div class=\"fusion-text fusion-text-7\" style=\"--awb-content-alignment:justify;--awb-font-size:1.1em;--awb-text-color:var(--awb-color2);--awb-text-font-family:&quot;Alegreya SC&quot;;--awb-text-font-style:normal;--awb-text-font-weight:400;\"><p>We also use your data to inform you about our products and services or to gather your feedback on them.\nParticipation in such activities is, of course, voluntary. If you do not agree with this, you can notify us at any time so we can block your data accordingly. For email communication, you can unsubscribe at any time using the unsubscribe link provided in the footer of each email.<\/p>\n<\/div><div class=\"fusion-title title fusion-title-8 fusion-title-text fusion-title-size-three\" style=\"--awb-text-color:var(--awb-color2);--awb-font-size:1.8em;\"><div class=\"title-sep-container title-sep-container-left fusion-no-large-visibility fusion-no-medium-visibility fusion-no-small-visibility\"><div class=\"title-sep sep- sep-solid\" style=\"border-color:var(--awb-color3);\"><\/div><\/div><span class=\"awb-title-spacer fusion-no-large-visibility fusion-no-medium-visibility fusion-no-small-visibility\"><\/span><h3 class=\"fusion-title-heading title-heading-left\" style=\"font-family:&quot;Alegreya SC&quot;;font-style:normal;font-weight:400;margin:0;font-size:1em;\">Consent to Personal Data Processing<\/h3><span class=\"awb-title-spacer\"><\/span><div class=\"title-sep-container title-sep-container-right\"><div class=\"title-sep sep- sep-solid\" style=\"border-color:var(--awb-color3);\"><\/div><\/div><\/div><div class=\"fusion-text fusion-text-8\" style=\"--awb-content-alignment:justify;--awb-font-size:1.1em;--awb-text-color:var(--awb-color2);--awb-text-font-family:&quot;Alegreya SC&quot;;--awb-text-font-style:normal;--awb-text-font-weight:400;\"><p>Seller's Declaration:\n\nThe legal entity Dice the Lion s.r.o. is committed to fully respecting the confidential nature of your personal and company data, which is secured against unauthorized access and protected from misuse.\n\nThe data you provide in orders is essential for identifying you as the buyer. We use this data to complete the entire transaction, including necessary accounting operations, issuing tax documents, identifying cashless payments, and for communication purposes.<\/p>\n<p>Your detailed personal data and purchase information are stored only in a securely protected database\nto prevent misuse and are not shared with third parties.<\/p>\n<p>Your detailed personal data and purchase information are stored only in a securely protected database\nto prevent misuse and are not shared with third parties.<\/p>\n<\/div><div class=\"fusion-text fusion-text-9\"><\/div><\/div><\/div><\/div><\/div>","protected":false},"excerpt":{"rendered":"","protected":false},"author":1,"featured_media":0,"parent":0,"menu_order":0,"comment_status":"closed","ping_status":"closed","template":"","meta":{"footnotes":""},"class_list":["post-3","page","type-page","status-publish","hentry"],"_links":{"self":[{"href":"https:\/\/dicethelion.com\/en\/wp-json\/wp\/v2\/pages\/3","targetHints":{"allow":["GET"]}}],"collection":[{"href":"https:\/\/dicethelion.com\/en\/wp-json\/wp\/v2\/pages"}],"about":[{"href":"https:\/\/dicethelion.com\/en\/wp-json\/wp\/v2\/types\/page"}],"author":[{"embeddable":true,"href":"https:\/\/dicethelion.com\/en\/wp-json\/wp\/v2\/users\/1"}],"replies":[{"embeddable":true,"href":"https:\/\/dicethelion.com\/en\/wp-json\/wp\/v2\/comments?post=3"}],"version-history":[{"count":0,"href":"https:\/\/dicethelion.com\/en\/wp-json\/wp\/v2\/pages\/3\/revisions"}],"wp:attachment":[{"href":"https:\/\/dicethelion.com\/en\/wp-json\/wp\/v2\/media?parent=3"}],"curies":[{"name":"wp","href":"https:\/\/api.w.org\/{rel}","templated":true}]}}